{"id":2840,"date":"2018-09-07T10:23:07","date_gmt":"2018-09-07T10:23:07","guid":{"rendered":"http:\/\/192.168.1.114\/havnor-demo\/architect\/?page_id=2840"},"modified":"2020-07-26T18:55:43","modified_gmt":"2020-07-26T18:55:43","slug":"contact-us","status":"publish","type":"page","link":"https:\/\/ilpekasa.com\/?page_id=2840","title":{"rendered":"Contacto"},"content":{"rendered":"<section class=\"wpb-content-wrapper\"><p>[vc_row overlay_dotted=\u00bb\u00bb css=\u00bb.vc_custom_1546855570009{padding-top: 10% !important;}\u00bb][vc_column]<div class=\"hanor-section-title section-title-one hanor-stitle-69f8a1f9b265a- cpation-center \"><p>Para resolver todo tipo de preguntas, comentarios y sugerencias;<br \/>\ncomun\u00edquese a los siguientes n\u00fameros o escr\u00edbanos.<\/p><\/div>[\/vc_column][\/vc_row][vc_row overlay_dotted=\u00bb\u00bb css=\u00bb.vc_custom_1546855579794{padding-bottom: 6% !important;}\u00bb][vc_column offset=\u00bbvc_col-lg-4 vc_col-md-6&#8243;]<div class=\"contact-info-item hanor-item hanor-address-69f8a1f9b2693 \">\n                <div class=\"hanor-icon\"><span class=\"pe-7s-map\"><\/span><\/div>\n                <div class=\"contact-info\">\n                  <h4 class=\"contact-info-title\">Ubicaci\u00f3n<\/h4>\n                  <p>Sector el Tri\u00e1ngulo,<br \/>\nGonz\u00e1lez Su\u00e1rez E9-175 la Bocatoma<\/p>\n                <\/div>\n              <\/div>[\/vc_column][vc_column offset=\u00bbvc_col-lg-4 vc_col-md-6&#8243;]<div class=\"contact-info-item hanor-item hanor-address-69f8a1f9b26b6 \">\n                <div class=\"hanor-icon\"><span class=\"pe-7s-phone\"><\/span><\/div>\n                <div class=\"contact-info\">\n                  <h4 class=\"contact-info-title\">Ll\u00e1manos<\/h4>\n                  <p><a href=\"\">+593 99 302 8581<\/a><\/p>\n                <\/div>\n              <\/div>[\/vc_column][vc_column offset=\u00bbvc_col-lg-4 vc_col-md-6&#8243;]<div class=\"contact-info-item hanor-item hanor-address-69f8a1f9b26ca \">\n                <div class=\"hanor-icon\"><span class=\"pe-7s-mail-open-file\"><\/span><\/div>\n                <div class=\"contact-info\">\n                  <h4 class=\"contact-info-title\">Email<\/h4>\n                  <p><a href=\"\">ventas@ilpekasa.com<\/a><\/p>\n                <\/div>\n              <\/div>[\/vc_column][\/vc_row][vc_row full_width=\u00bbstretch_row_content_no_spaces\u00bb equal_height=\u00bbyes\u00bb content_placement=\u00bbmiddle\u00bb overlay_dotted=\u00bb\u00bb][vc_column css=\u00bb.vc_custom_1534159575723{padding-top: 0px !important;background-color: #f6f6f6 !important;}\u00bb offset=\u00bbvc_col-lg-6 vc_col-md-12&#8243;]<div class=\"hanor-form-wrap hanor-contact-69f8a1f9b26dc \">\n                  <div class=\"contact-form\">\n                    <div class=\"hanor-section-title\">\n                      <h2 class=\"section-title\">Formulario de contacto<\/h2>\n                    <\/div>\n                    \n<div class=\"wpcf7 no-js\" id=\"wpcf7-f454-o1\" lang=\"en-US\" dir=\"ltr\">\n<div class=\"screen-reader-response\"><p role=\"status\" aria-live=\"polite\" aria-atomic=\"true\"><\/p> <ul><\/ul><\/div>\n<form action=\"\/index.php?rest_route=%2Fwp%2Fv2%2Fpages%2F2840#wpcf7-f454-o1\" method=\"post\" class=\"wpcf7-form init\" aria-label=\"Contact form\" novalidate=\"novalidate\" data-status=\"init\">\n<div style=\"display: none;\">\n<input type=\"hidden\" name=\"_wpcf7\" value=\"454\" \/>\n<input type=\"hidden\" name=\"_wpcf7_version\" value=\"5.8.2\" \/>\n<input type=\"hidden\" name=\"_wpcf7_locale\" value=\"en_US\" \/>\n<input type=\"hidden\" name=\"_wpcf7_unit_tag\" value=\"wpcf7-f454-o1\" \/>\n<input type=\"hidden\" name=\"_wpcf7_container_post\" value=\"0\" \/>\n<input type=\"hidden\" name=\"_wpcf7_posted_data_hash\" value=\"\" \/>\n<input type=\"hidden\" name=\"_wpcf7_recaptcha_response\" value=\"\" \/>\n<\/div>\n<div class=\"row\">\n\t<div class=\"col-sm-12\">\n\t\t<p><span class=\"wpcf7-form-control-wrap\" data-name=\"your-message\"><textarea cols=\"40\" rows=\"10\" class=\"wpcf7-form-control wpcf7-textarea wpcf7-validates-as-required\" aria-required=\"true\" aria-invalid=\"false\" placeholder=\"Su mensaje\" name=\"your-message\"><\/textarea><\/span>\n\t\t<\/p>\n\t<\/div>\n\t<div class=\"col-sm-6\">\n\t\t<p><span class=\"wpcf7-form-control-wrap\" data-name=\"your-name\"><input size=\"40\" class=\"wpcf7-form-control wpcf7-text wpcf7-validates-as-required\" aria-required=\"true\" aria-invalid=\"false\" placeholder=\"Su nombre\" value=\"\" type=\"text\" name=\"your-name\" \/><\/span>\n\t\t<\/p>\n\t<\/div>\n\t<div class=\"col-sm-6\">\n\t\t<p><span class=\"wpcf7-form-control-wrap\" data-name=\"your-email\"><input size=\"40\" class=\"wpcf7-form-control wpcf7-email wpcf7-validates-as-required wpcf7-text wpcf7-validates-as-email\" aria-required=\"true\" aria-invalid=\"false\" placeholder=\"Su Email\" value=\"\" type=\"email\" name=\"your-email\" \/><\/span>\n\t\t<\/p>\n\t<\/div>\n\t<div class=\"col-sm-12\">\n\t\t<p><input class=\"wpcf7-form-control wpcf7-submit has-spinner\" type=\"submit\" value=\"ENVIAR\" \/>\n\t\t<\/p>\n\t<\/div>\n<\/div><div class=\"wpcf7-response-output\" aria-hidden=\"true\"><\/div>\n<\/form>\n<\/div>\n\n                  <\/div>\n                <\/div>[\/vc_column][vc_column offset=\u00bbvc_col-lg-6 vc_col-md-12&#8243;][vc_gmaps link=\u00bb#E-8_JTNDaWZyYW1lJTIwc3JjJTNEJTIyaHR0cHMlM0ElMkYlMkZ3d3cuZ29vZ2xlLmNvbSUyRm1hcHMlMkZlbWJlZCUzRnBiJTNEJTIxMW0xOSUyMTFtOCUyMTFtMyUyMTFkOTk3LjQ0MDkyMjQxNjA0OTclMjEyZC03OC40NjUzMDg3JTIxM2QtMC4yOTk4MzMzJTIxM20yJTIxMWkxMDI0JTIxMmk3NjglMjE0ZjEzLjElMjE0bTglMjEzZTAlMjE0bTAlMjE0bTUlMjExczB4OTFkNWJkNTA5MjI4YWJkNSUyNTNBMHgxNTU3ZmRhMDI3ZjQ5NGVlJTIxMnNNdWx0aXNlcnYlMjUyQyUyNTIwQXZlbmlkYSUyNTIwR29uemFsbyUyNTIwU3UlMjVDMyUyNUExcmV6JTI1MjBFOS0wOCUyNTJDJTI1MjBRdWl0byUyNTIwMTcwODAxJTIxM20yJTIxMWQtMC4yOTk3NTA1JTIxMmQtNzguNDY0OTE0JTIxNWUwJTIxM20yJTIxMXNlcy00MTklMjEyc2VjJTIxNHYxNTc4NDE5MzUwNzUzJTIxNW0yJTIxMXNlcy00MTklMjEyc2VjJTIyJTIwd2lkdGglM0QlMjI2MDAlMjIlMjBoZWlnaHQlM0QlMjI2MDAlMjIlMjBmcmFtZWJvcmRlciUzRCUyMjAlMjIlMjBzdHlsZSUzRCUyMmJvcmRlciUzQTAlM0IlMjIlMjBhbGxvd2Z1bGxzY3JlZW4lM0QlMjIlMjIlM0UlM0MlMkZpZnJhbWUlM0U=\u00bb size=\u00bb500&#215;800&#8243;][\/vc_column][\/vc_row]<\/p>\n<\/section>","protected":false},"excerpt":{"rendered":"[vc_row overlay_dotted=\u00bb\u00bb css=\u00bb.vc_custom_1546855570009{padding-top: 10% !important;}\u00bb][vc_column][\/vc_column][\/vc_row][vc_row overlay_dotted=\u00bb\u00bb css=\u00bb.vc_custom_1546855579794{padding-bottom: 6% !important;}\u00bb][vc_column offset=\u00bbvc_col-lg-4 vc_col-md-6&#8243;][\/vc_column][vc_column offset=\u00bbvc_col-lg-4 vc_col-md-6&#8243;][\/vc_column][vc_column offset=\u00bbvc_col-lg-4 vc_col-md-6&#8243;][\/vc_column][\/vc_row][vc_row full_width=\u00bbstretch_row_content_no_spaces\u00bb equal_height=\u00bbyes\u00bb content_placement=\u00bbmiddle\u00bb overlay_dotted=\u00bb\u00bb][vc_column css=\u00bb.vc_custom_1534159575723{padding-top: 0px !important;background-color: #f6f6f6 !important;}\u00bb offset=\u00bbvc_col-lg-6 vc_col-md-12&#8243;][\/vc_column][vc_column offset=\u00bbvc_col-lg-6 vc_col-md-12&#8243;][vc_gmaps link=\u00bb#E-8_JTNDaWZyYW1lJTIwc3JjJTNEJTIyaHR0cHMlM0ElMkYlMkZ3d3cuZ29vZ2xlLmNvbSUyRm1hcHMlMkZlbWJlZCUzRnBiJTNEJTIxMW0xOSUyMTFtOCUyMTFtMyUyMTFkOTk3LjQ0MDkyMjQxNjA0OTclMjEyZC03OC40NjUzMDg3JTIxM2QtMC4yOTk4MzMzJTIxM20yJTIxMWkxMDI0JTIxMmk3NjglMjE0ZjEzLjElMjE0bTglMjEzZTAlMjE0bTAlMjE0bTUlMjExczB4OTFkNWJkNTA5MjI4YWJkNSUyNTNBMHgxNTU3ZmRhMDI3ZjQ5NGVlJTIxMnNNdWx0aXNlcnYlMjUyQyUyNTIwQXZlbmlkYSUyNTIwR29uemFsbyUyNTIwU3UlMjVDMyUyNUExcmV6JTI1MjBFOS0wOCUyNTJDJTI1MjBRdWl0byUyNTIwMTcwODAxJTIxM20yJTIxMWQtMC4yOTk3NTA1JTIxMmQtNzguNDY0OTE0JTIxNWUwJTIxM20yJTIxMXNlcy00MTklMjEyc2VjJTIxNHYxNTc4NDE5MzUwNzUzJTIxNW0yJTIxMXNlcy00MTklMjEyc2VjJTIyJTIwd2lkdGglM0QlMjI2MDAlMjIlMjBoZWlnaHQlM0QlMjI2MDAlMjIlMjBmcmFtZWJvcmRlciUzRCUyMjAlMjIlMjBzdHlsZSUzRCUyMmJvcmRlciUzQTAlM0IlMjIlMjBhbGxvd2Z1bGxzY3JlZW4lM0QlMjIlMjIlM0UlM0MlMkZpZnJhbWUlM0U=\u00bb size=\u00bb500&#215;800&#8243;][\/vc_column][\/vc_row]","protected":false},"author":1,"featured_media":0,"parent":0,"menu_order":0,"comment_status":"closed","ping_status":"closed","template":"","meta":{"footnotes":""},"_links":{"self":[{"href":"https:\/\/ilpekasa.com\/index.php?rest_route=\/wp\/v2\/pages\/2840"}],"collection":[{"href":"https:\/\/ilpekasa.com\/index.php?rest_route=\/wp\/v2\/pages"}],"about":[{"href":"https:\/\/ilpekasa.com\/index.php?rest_route=\/wp\/v2\/types\/page"}],"author":[{"embeddable":true,"href":"https:\/\/ilpekasa.com\/index.php?rest_route=\/wp\/v2\/users\/1"}],"replies":[{"embeddable":true,"href":"https:\/\/ilpekasa.com\/index.php?rest_route=%2Fwp%2Fv2%2Fcomments&post=2840"}],"version-history":[{"count":6,"href":"https:\/\/ilpekasa.com\/index.php?rest_route=\/wp\/v2\/pages\/2840\/revisions"}],"predecessor-version":[{"id":4539,"href":"https:\/\/ilpekasa.com\/index.php?rest_route=\/wp\/v2\/pages\/2840\/revisions\/4539"}],"wp:attachment":[{"href":"https:\/\/ilpekasa.com\/index.php?rest_route=%2Fwp%2Fv2%2Fmedia&parent=2840"}],"curies":[{"name":"wp","href":"https:\/\/api.w.org\/{rel}","templated":true}]}}