{"id":2764,"date":"2018-09-06T05:28:07","date_gmt":"2018-09-06T05:28:07","guid":{"rendered":"http:\/\/192.168.1.114\/havnor-demo\/architect\/?page_id=2764"},"modified":"2020-02-04T21:01:57","modified_gmt":"2020-02-04T21:01:57","slug":"nos","status":"publish","type":"page","link":"https:\/\/ilpekasa.com\/?page_id=2764","title":{"rendered":"Nosotros"},"content":{"rendered":"<section class=\"wpb-content-wrapper\"><p>[vc_row overlay_dotted=\u00bb\u00bb css=\u00bb.vc_custom_1545731034529{padding-top: 10% !important;padding-bottom: 4% !important;}\u00bb][vc_column css=\u00bb.vc_custom_1544597279869{padding-bottom: 20px !important;}\u00bb offset=\u00bbvc_col-lg-4 vc_col-md-4&#8243;]<div class=\"hanor-section-title section-title-one hanor-stitle-69ff28e8bc0bf-consigue-tus-suenos cpation-left \"><h2 class=\"section-title\">Consigue tus sue\u00f1os<\/h2><\/div>[\/vc_column][vc_column offset=\u00bbvc_col-lg-8 vc_col-md-8&#8243;][vc_column_text]Somos una empresa Familiar del cual deriva nuestro nombre \u00abILPEKASA\u00bb sociedad an\u00f3nima. El nombre es un acr\u00f3nimo de Iliana, Pedro , Karla y Alessa. Juntos hemos apostado por el desarrollo y \u00e9xito de este proyecto. Todos merecen una casa digna y nosotros queremos hacerlo realidad.<\/p>\n<p>Hemos buscado Profesionales de la construcci\u00f3n para la creaci\u00f3n del conjunto habitacional \u201cBOREAL\u201d. Muchas constructoras comienzan su vida por proyectos micro para luego dar paso a los proyectos macro. Hemos querido lanzarnos a nuestro proyecto macro, tomando en cuenta que el terreno donde se construye el conjunto ha sido parte de la familia por m\u00e1s de 30 a\u00f1os. Dando paso as\u00ed a 78 familias que gozar\u00e1n de estas instalaciones.[\/vc_column_text][\/vc_column][\/vc_row][vc_row full_width=\u00bbstretch_row\u00bb overlay_dotted=\u00bbtrue\u00bb css=\u00bb.vc_custom_1577120182471{padding-top: 7% !important;padding-bottom: 9% !important;background-image: url(http:\/\/ilpekasa.com\/wp-content\/uploads\/2019\/12\/home_03.jpg?id=4401) !important;background-position: center !important;background-repeat: no-repeat !important;background-size: cover !important;}\u00bb overlay_color=\u00bbrgba(186,152,114,0.82)\u00bb][vc_column][vc_empty_space height=\u00bb50px\u00bb]<div class=\"hanor-section-title section-title-one hanor-stitle-69ff28e8bc152-todos-merecen-conseguir-sus-suenos cpation-center \"><h2 class=\"section-title\">Todos merecen conseguir sus sue\u00f1os....<\/h2><p>... la casa de sus sue\u00f1os.<\/p><\/div>[vc_empty_space height=\u00bb20px\u00bb][\/vc_column][\/vc_row][vc_row full_width=\u00bbstretch_row\u00bb overlay_dotted=\u00bb\u00bb css=\u00bb.vc_custom_1545730999023{padding-top: 7% !important;padding-bottom: 8% !important;background-color: #f9f9f9 !important;}\u00bb][vc_column width=\u00bb1\/2&#8243;]<div class=\"hanor-section-title section-title-one hanor-stitle-69ff28e8bc171-mision cpation-center \"><h2 class=\"section-title\">MISI\u00d3N<\/h2><p>Construir casas con la calidad y calidez de hogar. Crear espacios ideales, so\u00f1ados y hechos realidad sin tener que costar tanto.<\/p><\/div>[\/vc_column][vc_column width=\u00bb1\/2&#8243;]<div class=\"hanor-section-title section-title-one hanor-stitle-69ff28e8bc184-vision cpation-center \"><h2 class=\"section-title\">VISI\u00d3N<\/h2><p>Crear m\u00e1s conjuntos habitacionales para que todos tengamos ese hogar so\u00f1ado con ubicaciones privilegiadas sin tener que pagar tanto en todo el Ecuador.<\/p><\/div>[\/vc_column][\/vc_row][vc_row full_width=\u00bbstretch_row\u00bb overlay_dotted=\u00bbtrue\u00bb css=\u00bb.vc_custom_1577120490157{padding-top: 7% !important;padding-bottom: 9% !important;background-image: url(http:\/\/ilpekasa.com\/wp-content\/uploads\/2019\/12\/verde.jpg?id=4418) !important;background-position: center !important;background-repeat: no-repeat !important;background-size: cover !important;}\u00bb overlay_color=\u00bbrgba(129,215,66,0.62)\u00bb][vc_column][vc_empty_space height=\u00bb150px\u00bb][vc_empty_space height=\u00bb30px\u00bb]<div class=\"hanor-section-title section-title-one hanor-stitle-69ff28e8bc198-compromiso-con-el-medio-ambiente cpation-center \"><h2 class=\"section-title\">Compromiso con el medio ambiente<\/h2><p>Nuestro compromiso con el medio es crear casas perfectamente ubicadas en espacios muy bien aprovechados, tenemos espacios verdes comunales y personales para dar paso a la plantaci\u00f3n de vegetaci\u00f3n que el due\u00f1o de cada casa desee.<\/p><\/div>[vc_empty_space height=\u00bb60px\u00bb][\/vc_column][\/vc_row]<\/p>\n<\/section>","protected":false},"excerpt":{"rendered":"[vc_row overlay_dotted=\u00bb\u00bb css=\u00bb.vc_custom_1545731034529{padding-top: 10% !important;padding-bottom: 4% !important;}\u00bb][vc_column css=\u00bb.vc_custom_1544597279869{padding-bottom: 20px !important;}\u00bb offset=\u00bbvc_col-lg-4 vc_col-md-4&#8243;][\/vc_column][vc_column offset=\u00bbvc_col-lg-8 vc_col-md-8&#8243;][vc_column_text]Somos una empresa Familiar del cual deriva nuestro nombre \u00abILPEKASA\u00bb sociedad an\u00f3nima. El nombre es un acr\u00f3nimo de Iliana, Pedro , Karla y Alessa. Juntos hemos apostado por el desarrollo y \u00e9xito de este proyecto. Todos merecen una casa digna y nosotros&#8230;","protected":false},"author":1,"featured_media":0,"parent":0,"menu_order":0,"comment_status":"closed","ping_status":"closed","template":"","meta":{"footnotes":""},"_links":{"self":[{"href":"https:\/\/ilpekasa.com\/index.php?rest_route=\/wp\/v2\/pages\/2764"}],"collection":[{"href":"https:\/\/ilpekasa.com\/index.php?rest_route=\/wp\/v2\/pages"}],"about":[{"href":"https:\/\/ilpekasa.com\/index.php?rest_route=\/wp\/v2\/types\/page"}],"author":[{"embeddable":true,"href":"https:\/\/ilpekasa.com\/index.php?rest_route=\/wp\/v2\/users\/1"}],"replies":[{"embeddable":true,"href":"https:\/\/ilpekasa.com\/index.php?rest_route=%2Fwp%2Fv2%2Fcomments&post=2764"}],"version-history":[{"count":5,"href":"https:\/\/ilpekasa.com\/index.php?rest_route=\/wp\/v2\/pages\/2764\/revisions"}],"predecessor-version":[{"id":4446,"href":"https:\/\/ilpekasa.com\/index.php?rest_route=\/wp\/v2\/pages\/2764\/revisions\/4446"}],"wp:attachment":[{"href":"https:\/\/ilpekasa.com\/index.php?rest_route=%2Fwp%2Fv2%2Fmedia&parent=2764"}],"curies":[{"name":"wp","href":"https:\/\/api.w.org\/{rel}","templated":true}]}}