{"id":2040,"date":"2018-08-30T12:26:23","date_gmt":"2018-08-30T12:26:23","guid":{"rendered":"http:\/\/192.168.1.114\/havnor-demo\/architect\/?page_id=2040"},"modified":"2022-02-09T18:36:06","modified_gmt":"2022-02-09T18:36:06","slug":"conjunto-habitacional-boreal","status":"publish","type":"page","link":"https:\/\/ilpekasa.com\/?page_id=2040","title":{"rendered":"Conjunto Habitacional Boreal"},"content":{"rendered":"<section class=\"wpb-content-wrapper\"><p>[vc_row overlay_dotted=\u00bb\u00bb css=\u00bb.vc_custom_1545729461007{padding-top: 2% !important;padding-bottom: 11% !important;}\u00bb][vc_column width=\u00bb1\/12&#8243;][\/vc_column][vc_column][vc_single_image image=\u00bb4479&#8243; img_size=\u00bbmedium\u00bb alignment=\u00bbcenter\u00bb][\/vc_column][vc_column][vc_empty_space][\/vc_column][vc_column offset=\u00bbvc_col-lg-6 vc_col-md-6&#8243;][vc_gallery interval=\u00bb3&#8243; images=\u00bb4399,4439,4452&#8243; img_size=\u00bbfull\u00bb][\/vc_column][vc_column offset=\u00bbvc_col-lg-5 vc_col-md-5&#8243; css=\u00bb.vc_custom_1544596331633{padding-top: 10px !important;}\u00bb]<div class=\"hanor-section-title section-title-one hanor-stitle-69f599be3eedf-ubicacion-privilegiada cpation-left \"><h2 class=\"section-title\">UBICACI\u00d3N PRIVILEGIADA<\/h2><p>EL TRIANGULO<br \/>\nConocoto, Valle de los Chillos<\/p><\/div>[vc_column_text css=\u00bb.vc_custom_1644430540493{margin-bottom: 0px !important;}\u00bb]<span style=\"font-size: 18px;\">&#8211; Dise\u00f1o moderno<br \/>\n&#8211; Excelentes acabados<br \/>\n&#8211; Casas aplican a Cr\u00e9dito VIP<br \/>\n&#8211; 5% de entrada y el 95% financiado con Banco Pichincha o Mutualista Pichincha a 20 a\u00f1os plazo.<br \/>\n&#8211; Proyecto aprobado por el Biess<br \/>\n&#8211; Entregas inmediatas<\/span><\/p>\n<p><span style=\"font-size: 18px;\">&#8211; Cuota Aproximada 580 USD por 20 a\u00f1os (con credito VIP)<br \/>\n&#8211; Desde $ 90,000<\/span>[\/vc_column_text][\/vc_column][vc_column]<section class=\"hanor-promo toggle-align hanor-promo-69f599be3ef86 \">\n                <div class=\"promo-item\">\n                  <div class=\"row\">\n                    <div class=\"col-md-7 hanor-item promo-primary\">\n                      <div class=\"hanor-table-wrap\">\n                        <div class=\"hanor-align-wrap\">\n                          <div class=\"hanor-image\"><img decoding=\"async\" src=\"\" alt=\"\"><\/div>\n                        <\/div>\n                      <\/div>\n                    <\/div>\n                    <div class=\"col-md-5 hanor-item promo-secondary\">\n                      <div class=\"hanor-table-wrap\">\n                        <div class=\"hanor-align-wrap\">\n                          <div class=\"promo-info\"><h2 class=\"promo-title\">Tenemos 3 formas de Pago<\/h2><\/div>\n                        <\/div>\n                      <\/div>\n                    <\/div>\n                  <\/div>\n                <\/div>\n              <\/section>[vc_message]Opci\u00f3n 1: CREDITO VIP: Aplica si es primera casa. Con 5% de Entrada y\u00a0 95% financiado a 20 a\u00f1os con Banco Pichincha o Mutualista Pichincha.<\/p>\n<p>Opci\u00f3n 2: Cr\u00e9dito hipotecario con BIESS o cualquier otra entidad bancaria.<\/p>\n<p>Opci\u00f3n 3: Cr\u00e9dito directo con 50% de entrada y el 50% financiado a m\u00e1ximo 5 a\u00f1os a una tasa del 9%.[\/vc_message][\/vc_column][\/vc_row][vc_row full_width=\u00bbstretch_row\u00bb overlay_dotted=\u00bb\u00bb css=\u00bb.vc_custom_1545729679404{padding-top: 8% !important;padding-bottom: 11% !important;background-color: #f9f9f9 !important;}\u00bb][vc_column]<section class=\"hanor-promo toggle-align hanor-promo-69f599be3efb3 \">\n                <div class=\"promo-item\">\n                  <div class=\"row\">\n                    <div class=\"col-md-7 hanor-item promo-primary\">\n                      <div class=\"hanor-table-wrap\">\n                        <div class=\"hanor-align-wrap\">\n                          <div class=\"hanor-image\"><img decoding=\"async\" src=\"https:\/\/ilpekasa.com\/wp-content\/uploads\/2019\/12\/exterior.jpg\" alt=\"\"><\/div>\n                        <\/div>\n                      <\/div>\n                    <\/div>\n                    <div class=\"col-md-5 hanor-item promo-secondary\">\n                      <div class=\"hanor-table-wrap\">\n                        <div class=\"hanor-align-wrap\">\n                          <div class=\"promo-info\"><h2 class=\"promo-title\">80 M2 Construidos<\/h2><p>Son 78 Casas cada una de 2 plantas, hay casas de 3 y 2 dormitorios. y 2 y 1\/2 ba\u00f1os, Gran \u00e1rea delantera con 2 parqueaderos privados a la puerta, jard\u00edn trasero amplio (27 a 37m2) y cuenta con una estructura met\u00e1lica sismo-resistente vigas IPE &#8211; HEB<\/p>\n<\/div>\n                        <\/div>\n                      <\/div>\n                    <\/div>\n                  <\/div>\n                <\/div>\n              <\/section>[\/vc_column][\/vc_row][vc_row full_width=\u00bbstretch_row\u00bb overlay_dotted=\u00bb\u00bb css=\u00bb.vc_custom_1545729669000{padding-top: 8% !important;padding-bottom: 11% !important;}\u00bb][vc_column]<section class=\"hanor-promo hanor-promo-69f599be3f1a3 \">\n                <div class=\"promo-item\">\n                  <div class=\"row\">\n                    <div class=\"col-md-7 hanor-item promo-primary\">\n                      <div class=\"hanor-table-wrap\">\n                        <div class=\"hanor-align-wrap\">\n                          <div class=\"hanor-image\"><img decoding=\"async\" src=\"https:\/\/ilpekasa.com\/wp-content\/uploads\/2020\/02\/planta-baja-1-1.jpeg\" alt=\"\"><\/div>\n                        <\/div>\n                      <\/div>\n                    <\/div>\n                    <div class=\"col-md-5 hanor-item promo-secondary\">\n                      <div class=\"hanor-table-wrap\">\n                        <div class=\"hanor-align-wrap\">\n                          <div class=\"promo-info\"><h2 class=\"promo-title\">Planta baja<\/h2><p>Sala, comedor, amplia cocina, medio ba\u00f1o, gradas a segunda planta y gran acceso al jard\u00edn trasero. Jardines traseros bastante amplios, var\u00edan de 27 a 37m2.<\/p>\n<\/div>\n                        <\/div>\n                      <\/div>\n                    <\/div>\n                  <\/div>\n                <\/div>\n              <\/section>[\/vc_column][\/vc_row][vc_row full_width=\u00bbstretch_row\u00bb overlay_dotted=\u00bb\u00bb css=\u00bb.vc_custom_1545729679404{padding-top: 8% !important;padding-bottom: 11% !important;background-color: #f9f9f9 !important;}\u00bb][vc_column]<section class=\"hanor-promo toggle-align hanor-promo-69f599be3f34c \">\n                <div class=\"promo-item\">\n                  <div class=\"row\">\n                    <div class=\"col-md-7 hanor-item promo-primary\">\n                      <div class=\"hanor-table-wrap\">\n                        <div class=\"hanor-align-wrap\">\n                          <div class=\"hanor-image\"><img decoding=\"async\" src=\"https:\/\/ilpekasa.com\/wp-content\/uploads\/2020\/01\/DORMITORIO-1.jpg\" alt=\"\"><\/div>\n                        <\/div>\n                      <\/div>\n                    <\/div>\n                    <div class=\"col-md-5 hanor-item promo-secondary\">\n                      <div class=\"hanor-table-wrap\">\n                        <div class=\"hanor-align-wrap\">\n                          <div class=\"promo-info\"><h2 class=\"promo-title\">Planta alta<\/h2><p>CASA DE 3 DORMITORIOS: Dormitorio m\u00e1ster con ba\u00f1o completo privado y balc\u00f3n, y 2 dormitorios con otro ba\u00f1o completo compartido.<\/p>\n<p>CASA DE 2 DORMITORIOS: Dormitorio m\u00e1ster con ba\u00f1o completo y walking closet y el segundo dormitorio con ba\u00f1o completo y balc\u00f3n.<\/p>\n<\/div>\n                        <\/div>\n                      <\/div>\n                    <\/div>\n                  <\/div>\n                <\/div>\n              <\/section>[\/vc_column][\/vc_row][vc_row full_width=\u00bbstretch_row\u00bb overlay_dotted=\u00bb\u00bb css=\u00bb.vc_custom_1545729669000{padding-top: 8% !important;padding-bottom: 11% !important;}\u00bb][vc_column]<section class=\"hanor-promo hanor-promo-69f599be3f510 \">\n                <div class=\"promo-item\">\n                  <div class=\"row\">\n                    <div class=\"col-md-7 hanor-item promo-primary\">\n                      <div class=\"hanor-table-wrap\">\n                        <div class=\"hanor-align-wrap\">\n                          <div class=\"hanor-image\"><img decoding=\"async\" src=\"https:\/\/ilpekasa.com\/wp-content\/uploads\/2019\/12\/casacomunal.jpg\" alt=\"\"><\/div>\n                        <\/div>\n                      <\/div>\n                    <\/div>\n                    <div class=\"col-md-5 hanor-item promo-secondary\">\n                      <div class=\"hanor-table-wrap\">\n                        <div class=\"hanor-align-wrap\">\n                          <div class=\"promo-info\"><h2 class=\"promo-title\">Consigue tus sue\u00f1os<\/h2><ul>\n<li>Existen m\u00e1s de 1000 M2 de \u00e1reas verdes<\/li>\n<li>Casa comunal de 78 M2<\/li>\n<li>Garita para guardian\u00eda<\/li>\n<li>Parqueadero de visitas y parqueadero de discapacitados.<\/li>\n<li>Todas las casas cuentan con 80 M2 construidos<\/li>\n<li>Todas las casas tienen un amplio Jard\u00edn trasero<\/li>\n<li>Acabados de primera.<\/li>\n<\/ul>\n<\/div>\n                        <\/div>\n                      <\/div>\n                    <\/div>\n                  <\/div>\n                <\/div>\n              <\/section>[vc_btn title=\u00bbAGENDA UNA CITA AHORA\u00bb color=\u00bbdanger\u00bb align=\u00bbcenter\u00bb link=\u00bburl:https%3A%2F%2Fapi.whatsapp.com%2Fsend%3Fphone%3D593993028581%26text%3D%26source%3D%26data%3D|title:Deje%20su%20n%C3%BAmero%20de%20celular%20y%20nos%20pondremos%20en%20contacto%20con%20usted|target:%20_blank|\u00bb][\/vc_column][\/vc_row][vc_row full_width=\u00bbstretch_row\u00bb overlay_dotted=\u00bb\u00bb css=\u00bb.vc_custom_1576789713463{padding-top: 7% !important;background-color: #f9f9f9 !important;}\u00bb][vc_column][\/vc_column][\/vc_row]<\/p>\n<\/section>","protected":false},"excerpt":{"rendered":"[vc_row overlay_dotted=\u00bb\u00bb css=\u00bb.vc_custom_1545729461007{padding-top: 2% !important;padding-bottom: 11% !important;}\u00bb][vc_column width=\u00bb1\/12&#8243;][\/vc_column][vc_column][vc_single_image image=\u00bb4479&#8243; img_size=\u00bbmedium\u00bb alignment=\u00bbcenter\u00bb][\/vc_column][vc_column][vc_empty_space][\/vc_column][vc_column offset=\u00bbvc_col-lg-6 vc_col-md-6&#8243;][vc_gallery interval=\u00bb3&#8243; images=\u00bb4399,4439,4452&#8243; img_size=\u00bbfull\u00bb][\/vc_column][vc_column offset=\u00bbvc_col-lg-5 vc_col-md-5&#8243; css=\u00bb.vc_custom_1544596331633{padding-top: 10px !important;}\u00bb][vc_column_text css=\u00bb.vc_custom_1644430540493{margin-bottom: 0px !important;}\u00bb]&#8211; Dise\u00f1o moderno &#8211; Excelentes acabados &#8211; Casas aplican a Cr\u00e9dito VIP &#8211; 5% de entrada y el 95% financiado con Banco Pichincha o Mutualista Pichincha a 20 a\u00f1os plazo. &#8211; Proyecto&#8230;","protected":false},"author":1,"featured_media":0,"parent":0,"menu_order":0,"comment_status":"closed","ping_status":"closed","template":"","meta":{"footnotes":""},"_links":{"self":[{"href":"https:\/\/ilpekasa.com\/index.php?rest_route=\/wp\/v2\/pages\/2040"}],"collection":[{"href":"https:\/\/ilpekasa.com\/index.php?rest_route=\/wp\/v2\/pages"}],"about":[{"href":"https:\/\/ilpekasa.com\/index.php?rest_route=\/wp\/v2\/types\/page"}],"author":[{"embeddable":true,"href":"https:\/\/ilpekasa.com\/index.php?rest_route=\/wp\/v2\/users\/1"}],"replies":[{"embeddable":true,"href":"https:\/\/ilpekasa.com\/index.php?rest_route=%2Fwp%2Fv2%2Fcomments&post=2040"}],"version-history":[{"count":5,"href":"https:\/\/ilpekasa.com\/index.php?rest_route=\/wp\/v2\/pages\/2040\/revisions"}],"predecessor-version":[{"id":4585,"href":"https:\/\/ilpekasa.com\/index.php?rest_route=\/wp\/v2\/pages\/2040\/revisions\/4585"}],"wp:attachment":[{"href":"https:\/\/ilpekasa.com\/index.php?rest_route=%2Fwp%2Fv2%2Fmedia&parent=2040"}],"curies":[{"name":"wp","href":"https:\/\/api.w.org\/{rel}","templated":true}]}}